{"id":543,"date":"2026-02-16T09:37:09","date_gmt":"2026-02-16T08:37:09","guid":{"rendered":"http:\/\/bip.zs1piaseczno.pl\/?page_id=543"},"modified":"2026-02-16T10:50:06","modified_gmt":"2026-02-16T09:50:06","slug":"ogloszenia-przetargow-na-2026-rok","status":"publish","type":"page","link":"http:\/\/bip.zs1piaseczno.pl\/index.php\/ogloszenia-przetargow-na-2026-rok\/","title":{"rendered":"Og\u0142oszenia przetarg\u00f3w na 2026 rok"},"content":{"rendered":"<p><a href=\"https:\/\/ezamowienia.gov.pl\/mp-client\/search\/list\/ocds-148610-f831f04a-9451-4b3a-b5cf-e28cbcab1440\" target=\"_blank\" rel=\"noopener\"><span style=\"font-size: 14px;\" data-olk-copy-source=\"MessageBody\">Us\u0142ugi Realizacja us\u0142ugi szkolenia uczni\u00f3w Bran\u017cowej Szko\u0142y I Stopnia Nr 1 im. Stanis\u0142awa Lema oraz Technikum Nr 1 im Stanis\u0142awa Lem w Piasecznie w zakresie prawa jazdy kat. B<\/span><\/a><\/p>\n","protected":false},"excerpt":{"rendered":"<p>Us\u0142ugi Realizacja us\u0142ugi szkolenia uczni\u00f3w Bran\u017cowej Szko\u0142y I Stopnia Nr 1 im. Stanis\u0142awa Lema oraz Technikum Nr 1 im Stanis\u0142awa Lem w Piasecznie w zakresie prawa jazdy kat. B<\/p>\n","protected":false},"author":1,"featured_media":0,"parent":0,"menu_order":0,"comment_status":"closed","ping_status":"closed","template":"","meta":{"footnotes":""},"class_list":["post-543","page","type-page","status-publish","hentry"],"_links":{"self":[{"href":"http:\/\/bip.zs1piaseczno.pl\/index.php\/wp-json\/wp\/v2\/pages\/543","targetHints":{"allow":["GET"]}}],"collection":[{"href":"http:\/\/bip.zs1piaseczno.pl\/index.php\/wp-json\/wp\/v2\/pages"}],"about":[{"href":"http:\/\/bip.zs1piaseczno.pl\/index.php\/wp-json\/wp\/v2\/types\/page"}],"author":[{"embeddable":true,"href":"http:\/\/bip.zs1piaseczno.pl\/index.php\/wp-json\/wp\/v2\/users\/1"}],"replies":[{"embeddable":true,"href":"http:\/\/bip.zs1piaseczno.pl\/index.php\/wp-json\/wp\/v2\/comments?post=543"}],"version-history":[{"count":2,"href":"http:\/\/bip.zs1piaseczno.pl\/index.php\/wp-json\/wp\/v2\/pages\/543\/revisions"}],"predecessor-version":[{"id":549,"href":"http:\/\/bip.zs1piaseczno.pl\/index.php\/wp-json\/wp\/v2\/pages\/543\/revisions\/549"}],"wp:attachment":[{"href":"http:\/\/bip.zs1piaseczno.pl\/index.php\/wp-json\/wp\/v2\/media?parent=543"}],"curies":[{"name":"wp","href":"https:\/\/api.w.org\/{rel}","templated":true}]}}